{"id":1185,"date":"2017-02-06T13:24:19","date_gmt":"2017-02-06T13:24:19","guid":{"rendered":"https:\/\/explora2.es\/camper-4x4-camperizacion\/?page_id=1185"},"modified":"2017-03-01T08:42:33","modified_gmt":"2017-03-01T08:42:33","slug":"equipamiento-para-viajes-y-expediciones","status":"publish","type":"page","link":"https:\/\/explora2.es\/camper-4x4-camperizacion\/equipamiento-para-viajes-y-expediciones\/","title":{"rendered":"Equipamiento"},"content":{"rendered":"<p>[vc_row full_width=\u00bbstretch_row\u00bb][vc_column width=\u00bb1\/2&#8243;][vc_empty_space height=\u00bb40px\u00bb][vc_column_text]<\/p>\n<h2 style=\"text-align: justify;\"><span style=\"color: #000000;\">Equipamiento de veh\u00edculos para viajes o expediciones<\/span><\/h2>\n<ul style=\"text-align: justify;\">\n<li>La log\u00edstica.<\/li>\n<li>la comodidad de acceso al material.<\/li>\n<li>la posibilidad de llevar agua o gasoil.<\/li>\n<\/ul>\n<p style=\"text-align: justify;\">son b\u00e1sicas a la hora de planificar un viaje, pero sobre todo ello prima la seguridad durante los desplazamientos y la fijaci\u00f3n de la carga tanto en el interior como en el exterior de nuestro veh\u00edculo.<\/p>\n<p style=\"text-align: justify;\">En<strong> eXplora2<\/strong> disponemos de una amplia variedad de cajas de trasporte espec\u00edficas para ello, as\u00ed como multiples sistemas de fijaci\u00f3n de carga mediante ra\u00edles aeron\u00e1uticos y punto de anclaje unitarios.<\/p>\n<h2 style=\"text-align: justify;\"><\/h2>\n<p>[\/vc_column_text][\/vc_column][vc_column width=\u00bb1\/2&#8243;][vc_empty_space height=\u00bb40px\u00bb][vc_single_image image=\u00bb1444&#8243; img_size=\u00bblarge\u00bb alignment=\u00bbcenter\u00bb][\/vc_column][\/vc_row][vc_row][vc_column][vc_column_text]<\/p>\n<p>[\/vc_column_text][\/vc_column][\/vc_row]<\/p>\n","protected":false},"excerpt":{"rendered":"<p>[vc_row full_width=\u00bbstretch_row\u00bb][vc_column width=\u00bb1\/2&#8243;][vc_empty_space height=\u00bb40px\u00bb][vc_column_text] Equipamiento de veh\u00edculos para viajes o expediciones La log\u00edstica. la comodidad de acceso al material. la posibilidad de llevar agua o gasoil. son b\u00e1sicas a la hora de planificar un viaje, pero sobre todo ello prima la seguridad durante los desplazamientos y la fijaci\u00f3n de la carga tanto en el interior [&hellip;]<\/p>\n","protected":false},"author":1,"featured_media":0,"parent":0,"menu_order":0,"comment_status":"closed","ping_status":"closed","template":"","meta":[],"_links":{"self":[{"href":"https:\/\/explora2.es\/camper-4x4-camperizacion\/wp-json\/wp\/v2\/pages\/1185"}],"collection":[{"href":"https:\/\/explora2.es\/camper-4x4-camperizacion\/wp-json\/wp\/v2\/pages"}],"about":[{"href":"https:\/\/explora2.es\/camper-4x4-camperizacion\/wp-json\/wp\/v2\/types\/page"}],"author":[{"embeddable":true,"href":"https:\/\/explora2.es\/camper-4x4-camperizacion\/wp-json\/wp\/v2\/users\/1"}],"replies":[{"embeddable":true,"href":"https:\/\/explora2.es\/camper-4x4-camperizacion\/wp-json\/wp\/v2\/comments?post=1185"}],"version-history":[{"count":0,"href":"https:\/\/explora2.es\/camper-4x4-camperizacion\/wp-json\/wp\/v2\/pages\/1185\/revisions"}],"wp:attachment":[{"href":"https:\/\/explora2.es\/camper-4x4-camperizacion\/wp-json\/wp\/v2\/media?parent=1185"}],"curies":[{"name":"wp","href":"https:\/\/api.w.org\/{rel}","templated":true}]}}