{"id":1175,"date":"2017-02-06T13:13:12","date_gmt":"2017-02-06T13:13:12","guid":{"rendered":"https:\/\/explora2.es\/camper-4x4-camperizacion\/?page_id=1175"},"modified":"2017-03-01T08:39:36","modified_gmt":"2017-03-01T08:39:36","slug":"camper-explora2-4x4","status":"publish","type":"page","link":"https:\/\/explora2.es\/camper-4x4-camperizacion\/camper-explora2-4x4\/","title":{"rendered":"Camper eXplora2"},"content":{"rendered":"<p>[vc_row full_width=\u00bbstretch_row\u00bb][vc_column width=\u00bb1\/2&#8243;][vc_empty_space height=\u00bb40px\u00bb][vc_column_text]<\/p>\n<h2 style=\"text-align: justify;\"><span style=\"color: #000000;\">\u00bfC\u00f3mo lo hacemos?<\/span><\/h2>\n<p style=\"text-align: justify;\">La fabricaci\u00f3n es completamente unitaria y artesanal, pero con un nivel de acabado impecable.<\/p>\n<p style=\"text-align: justify;\">Esto permite al cliente escoger entre un sinf\u00edn de opciones del equipamiento camper totalmente personalizables..<\/p>\n<ul style=\"text-align: justify;\">\n<li>Dimensiones y formas de la c\u00e9lula vivienda.<\/li>\n<li>Elecci\u00f3n de material y grosor de los paneles.<\/li>\n<li>El tipo de cerramientos o ventanas.<\/li>\n<li>Colores del mobiliario otipo de tapizado.<\/li>\n<\/ul>\n<p style=\"text-align: justify;\">Adapt\u00e1ndonos de esta forma a las necesidades de un c\u00e9lula vivienda, desde una peque\u00f1a y montada sobre un pick-up hasta las grandes montadas en un cami\u00f3n camper 4&#215;4 de gran tonelaje.<\/p>\n<p>[\/vc_column_text][vc_column_text]<\/p>\n<h2 style=\"text-align: justify;\"><span style=\"color: #000000;\">T\u00e9cnica de construcci\u00f3n.<\/span><\/h2>\n<p style=\"text-align: justify;\">Dise\u00f1amos de manera unitaria cada fijaci\u00f3n, desde una fijaci\u00f3n directa para un Pick-up, hasta un sistema flexible que permita la torsi\u00f3n del bastidor para un cami\u00f3n.<\/p>\n<p style=\"text-align: justify;\">El dise\u00f1o CAD, el corte laser de piezas y refuerzos, la galvanizaci\u00f3n en caliente o \u00a0zincado electrol\u00edtico de piezas met\u00e1licas, son algunas de las soluciones t\u00e9cnicas que utilizamos en nuestros trabajos.<\/p>\n<p style=\"text-align: justify;\">La construcci\u00f3n de una\u00a0 c\u00e9lula vivienda puede realizarse en una amplia variedad de:<\/p>\n<ul style=\"text-align: justify;\">\n<li>Materiales.<\/li>\n<li>Acabados.<\/li>\n<li>Colores.<\/li>\n<li>Aislamientos.<\/li>\n<li>Pieles de poli\u00e9ster.\n<ul>\n<li>N\u00facleos de espuma de poliuretano (PUR).<\/li>\n<li>Espuma de poliestireno (XPS).<\/li>\n<li>Plywood o incluso Nido de Abeja de Polipropileno.<\/li>\n<\/ul>\n<\/li>\n<\/ul>\n<p style=\"text-align: justify;\">Durante el proceso de fabricaci\u00f3n puede incluirse en todos ellos refuerzos a los paneles que as\u00ed lo necesiten.<\/p>\n<p style=\"text-align: justify;\">La uni\u00f3n de los distintos elementos que conforman el exterior una c\u00e9lula\u00a0 mediante adhesivos t\u00e9cnicos, permiten la elaboraci\u00f3n de conjuntos muy resistentes, de muy bajo peso.<\/p>\n<p style=\"text-align: justify;\">Y lo mas importante en un veh\u00edculo camper 4&#215;4, sin puentes t\u00e9rmicos que pueden dar lugar a las molestas condensaciones en el interior del veh\u00edculo.<\/p>\n<p>[\/vc_column_text][\/vc_column][vc_column width=\u00bb1\/2&#8243;][vc_empty_space height=\u00bb40px\u00bb][vc_single_image image=\u00bb1429&#8243; img_size=\u00bblarge\u00bb alignment=\u00bbcenter\u00bb][vc_single_image image=\u00bb1433&#8243; img_size=\u00bblarge\u00bb alignment=\u00bbcenter\u00bb][vc_single_image image=\u00bb1431&#8243; img_size=\u00bblarge\u00bb alignment=\u00bbcenter\u00bb][\/vc_column][\/vc_row][vc_row][vc_column][vc_column_text]<\/p>\n<p>[\/vc_column_text][\/vc_column][\/vc_row]<\/p>\n","protected":false},"excerpt":{"rendered":"<p>[vc_row full_width=\u00bbstretch_row\u00bb][vc_column width=\u00bb1\/2&#8243;][vc_empty_space height=\u00bb40px\u00bb][vc_column_text] \u00bfC\u00f3mo lo hacemos? La fabricaci\u00f3n es completamente unitaria y artesanal, pero con un nivel de acabado impecable. Esto permite al cliente escoger entre un sinf\u00edn de opciones del equipamiento camper totalmente personalizables.. Dimensiones y formas de la c\u00e9lula vivienda. Elecci\u00f3n de material y grosor de los paneles. El tipo de cerramientos [&hellip;]<\/p>\n","protected":false},"author":1,"featured_media":0,"parent":0,"menu_order":0,"comment_status":"closed","ping_status":"closed","template":"","meta":[],"_links":{"self":[{"href":"https:\/\/explora2.es\/camper-4x4-camperizacion\/wp-json\/wp\/v2\/pages\/1175"}],"collection":[{"href":"https:\/\/explora2.es\/camper-4x4-camperizacion\/wp-json\/wp\/v2\/pages"}],"about":[{"href":"https:\/\/explora2.es\/camper-4x4-camperizacion\/wp-json\/wp\/v2\/types\/page"}],"author":[{"embeddable":true,"href":"https:\/\/explora2.es\/camper-4x4-camperizacion\/wp-json\/wp\/v2\/users\/1"}],"replies":[{"embeddable":true,"href":"https:\/\/explora2.es\/camper-4x4-camperizacion\/wp-json\/wp\/v2\/comments?post=1175"}],"version-history":[{"count":0,"href":"https:\/\/explora2.es\/camper-4x4-camperizacion\/wp-json\/wp\/v2\/pages\/1175\/revisions"}],"wp:attachment":[{"href":"https:\/\/explora2.es\/camper-4x4-camperizacion\/wp-json\/wp\/v2\/media?parent=1175"}],"curies":[{"name":"wp","href":"https:\/\/api.w.org\/{rel}","templated":true}]}}